{"id":22,"date":"2021-12-28T20:18:09","date_gmt":"2021-12-28T20:18:09","guid":{"rendered":"https:\/\/raccoonrumble.de\/?page_id=22"},"modified":"2022-12-27T16:27:34","modified_gmt":"2022-12-27T16:27:34","slug":"venue","status":"publish","type":"page","link":"https:\/\/raccoonrumble.de\/index.php\/venue\/","title":{"rendered":"Venue"},"content":{"rendered":"<p>[vc_row enable_box_shadow=&#8221;no&#8221;][vc_column width=&#8221;1\/2&#8243;][vc_column_text]<\/p>\r\n<p>&nbsp;<\/p>\r\n\r\n<h2 class=\"has-white-color has-text-color has-huge-font-size wp-block-heading\">Where do I have to go?<\/h2>\r\n<p>&nbsp;<\/p>\r\n\r\n<p class=\"has-luminous-vivid-amber-color has-text-color has-large-font-size\">Name: Freiheitshalle Hof<\/p>\r\n<p>&nbsp;<\/p>\r\n\r\n<p class=\"has-luminous-vivid-amber-color has-text-color has-large-font-size\">Address: Kulmbacher Str. 4<\/p>\r\n<p>&nbsp;<\/p>\r\n\r\n<p class=\"has-luminous-vivid-amber-color has-text-color has-large-font-size\">City: 95030 Hof<\/p>\r\n<p>&nbsp;<\/p>\r\n<p>&nbsp;<\/p>\r\n<p>&nbsp;<\/p>\r\n<p>&nbsp;<\/p>\r\n<p>[\/vc_column_text][\/vc_column][vc_column width=&#8221;1\/2&#8243;][vc_gmaps link=&#8221;#E-8_JTNDaWZyYW1lJTIwc3JjJTNEJTIyaHR0cHMlM0ElMkYlMkZ3d3cuZ29vZ2xlLmNvbSUyRm1hcHMlMkZlbWJlZCUzRnBiJTNEJTIxMW0xOCUyMTFtMTIlMjExbTMlMjExZDI1NDcuNDk5OTU3OTkwNDczNCUyMTJkMTEuOTAwOTg5NzE1NzI2NjcyJTIxM2Q1MC4zMTk5MjMwNzk0NTc1NiUyMTJtMyUyMTFmMCUyMTJmMCUyMTNmMCUyMTNtMiUyMTFpMTAyNCUyMTJpNzY4JTIxNGYxMy4xJTIxM20zJTIxMW0yJTIxMXMweDQ3YTExNzRkMGQ4NmYwMmIlMjUzQTB4N2MyNTViNzRkZjk1YjA2ZSUyMTJzRnJlaWhlaXRzaGFsbGUlMjUyMEhvZiUyMTVlMCUyMTNtMiUyMTFzZGUlMjEyc2RlJTIxNHYxNjcyMTU4MzI1OTk0JTIxNW0yJTIxMXNkZSUyMTJzZGUlMjIlMjB3aWR0aCUzRCUyMjYwMCUyMiUyMGhlaWdodCUzRCUyMjQ1MCUyMiUyMHN0eWxlJTNEJTIyYm9yZGVyJTNBMCUzQiUyMiUyMGFsbG93ZnVsbHNjcmVlbiUzRCUyMiUyMiUyMGxvYWRpbmclM0QlMjJsYXp5JTIyJTIwcmVmZXJyZXJwb2xpY3klM0QlMjJuby1yZWZlcnJlci13aGVuLWRvd25ncmFkZSUyMiUzRSUzQyUyRmlmcmFtZSUzRQ==&#8221;][\/vc_column][\/vc_row][vc_row enable_box_shadow=&#8221;no&#8221;][vc_column][vc_empty_space height=&#8221;96px&#8221;][\/vc_column][\/vc_row][vc_row enable_box_shadow=&#8221;no&#8221;][vc_column]<div class=\"edgtf-elements-holder   edgtf-one-column  edgtf-responsive-mode-768 \" ><div class=\"edgtf-eh-item    \"  data-item-class=\"edgtf-eh-custom-2803\">\n\t<div class=\"edgtf-eh-item-inner\">\n\t\t<div class=\"edgtf-eh-item-content edgtf-eh-custom-2803\" >\n\t\t\t<div class=\"edgtf-accordion-holder edgtf-ac-default  edgtf-accordion edgtf-ac-boxed  clearfix\">\n\t<h5 class=\"edgtf-accordion-title\">\n    <span class=\"edgtf-accordion-mark\">\n\t\t<span class=\"edgtf_icon_plus icon_plus\"><\/span>\n\t\t<span class=\"edgtf_icon_minus icon_minus-06\"><\/span>\n\t<\/span>\n\t<span class=\"edgtf-tab-title\">BY CAR<\/span>\n<\/h5>\n<div class=\"edgtf-accordion-content\">\n\t<div class=\"edgtf-accordion-content-inner\">\n\t\t[vc_column_text]<\/p>\r\n<p>Durch die zentrale Lage innerhalb Deutschlands ist Hof aus allen Himmelsrichtungen gut erreichbar. Hof besitzt direkte Anschlussstellen an drei Autobahnen: die A9 im Westen, die A93 im Osten und die A72 im Nordwesten.<\/p>\r\n<p>Innerhalb der Stadt befindet sich die Freiheitshalle gut ausgeschildert in zentraler Innenstadtlage an der Hauptkreuzung Ernst-Reuter-Stra\u00dfe\/Kulmbacher Stra\u00dfe und nur wenige Minuten vom Bahnhof und der Fu\u00dfg\u00e4ngerzone entfernt. Direkt gegen\u00fcber befindet sich das Theater Hof.<\/p>\r\n<p><strong>Adresse<\/strong><br>Freiheitshalle Hof<br>Kulmbacher Str. 4<br>95030 Hof<\/p>\r\n<p>[\/vc_column_text]\t<\/div>\n<\/div><h5 class=\"edgtf-accordion-title\">\n    <span class=\"edgtf-accordion-mark\">\n\t\t<span class=\"edgtf_icon_plus icon_plus\"><\/span>\n\t\t<span class=\"edgtf_icon_minus icon_minus-06\"><\/span>\n\t<\/span>\n\t<span class=\"edgtf-tab-title\">BY TRAIN<\/span>\n<\/h5>\n<div class=\"edgtf-accordion-content\">\n\t<div class=\"edgtf-accordion-content-inner\">\n\t\t[vc_column_text]<\/p>\r\n<p><u>Deutsche Bahn<\/u><\/p>\r\n<p>Hof ist \u00fcber das Netz der<strong>&nbsp;DB Regio&nbsp;<\/strong>an die Hauptstrecken der DB AG angeschlossen. Der n\u00e4chste ICE-Bahnhof ist in Lichtenfels und befindet sich in ca. 76 km Entfernung.<\/p>\r\n<p><em><a title=\"externer Link\" href=\"https:\/\/www.db.de\/\" target=\"_blank\" rel=\"noopener\">www.db.de<\/a><\/em><\/p>\r\n<p>&nbsp;<\/p>\r\n<p>Dar\u00fcber hinaus gibt es innerhalb von Bayern, Sachsen, Th\u00fcringen und der Tschechischen Republik weitere Bahnen, die mehrmals t\u00e4glich umsteigefreie Verbindungen nach Hof anbieten.&nbsp;<\/p>\r\n<p><em><a href=\"https:\/\/www.vogtlandbahn.de\/\" target=\"_blank\" rel=\"noopener\">www.vogtlandbahn.de<\/a><\/em><br><em><a href=\"https:\/\/www.alex.info\/\" target=\"_blank\" rel=\"noopener\">www.alex.info<\/a><\/em><br><a href=\"https:\/\/www.agilis.de\/\" target=\"_blank\" rel=\"noopener\">www.agilis.de<\/a><br><em><a href=\"https:\/\/www.mitteldeutsche-regiobahn.de\/\" target=\"_blank\" rel=\"noopener\">www.mitteldeutsche-regiobahn.de<\/a><\/em><\/p>\r\n<p>&nbsp;<\/p>\r\n<p><u>Vom Hauptbahnhof zur Freiheitshalle<\/u><\/p>\r\n<p>Vom Hauptbahnhof geht es mit der&nbsp;<em>Agilis Verkehrsgesellschaft<\/em>&nbsp;in Richtung Bad Steben. Die Haltestelle \u201eHof-Neuhof\u201c befindet sich direkt gegen\u00fcber der Freiheitshalle, die Fahrtzeit betr\u00e4gt nur 3 Minuten. Die Z\u00fcge verkehren Montag bis Freitag von 5.37 Uhr (Samstag\/Sonntag ab 7.37 Uhr) bis 20.43 Uhr jeweils im Stundentakt.<\/p>\r\n<p>Ihre pers\u00f6nliche Anschluss-Zugverbindung finden Sie unter&nbsp;<em><a href=\"https:\/\/www.agilis.de\/\" target=\"_blank\" rel=\"noopener\">www.agilis.de<\/a><\/em>. &nbsp;<\/p>\r\n<p>[\/vc_column_text]\t<\/div>\n<\/div><h5 class=\"edgtf-accordion-title\">\n    <span class=\"edgtf-accordion-mark\">\n\t\t<span class=\"edgtf_icon_plus icon_plus\"><\/span>\n\t\t<span class=\"edgtf_icon_minus icon_minus-06\"><\/span>\n\t<\/span>\n\t<span class=\"edgtf-tab-title\">BY PLANE<\/span>\n<\/h5>\n<div class=\"edgtf-accordion-content\">\n\t<div class=\"edgtf-accordion-content-inner\">\n\t\t[vc_column_text]<\/p>\r\n<p>TBA<\/p>\r\n<p>[\/vc_column_text]\t<\/div>\n<\/div><h5 class=\"edgtf-accordion-title\">\n    <span class=\"edgtf-accordion-mark\">\n\t\t<span class=\"edgtf_icon_plus icon_plus\"><\/span>\n\t\t<span class=\"edgtf_icon_minus icon_minus-06\"><\/span>\n\t<\/span>\n\t<span class=\"edgtf-tab-title\">PUBLIC TRANSPORT<\/span>\n<\/h5>\n<div class=\"edgtf-accordion-content\">\n\t<div class=\"edgtf-accordion-content-inner\">\n\t\t[vc_column_text][\/vc_column_text]\t<\/div>\n<\/div><\/div>\t\t<\/div>\n\t<\/div>\n<\/div><\/div>[\/vc_column][\/vc_row][vc_row enable_box_shadow=&#8221;no&#8221;][vc_column][vc_empty_space height=&#8221;96px&#8221;][\/vc_column][\/vc_row][vc_row enable_box_shadow=&#8221;no&#8221;][vc_column][vc_video link=&#8221;https:\/\/youtu.be\/4VqApd0Lg3Y?t=80&#8243; src=&#8221;&#8220;https:\/\/www.youtube.com\/embed\/4VqApd0Lg3Y?start=80&#8220;&#8221; width=&#8221;&#8220;560&#8220;&#8221; height=&#8221;&#8220;315&#8220;&#8221; frameborder=&#8221;&#8220;0&#8220;&#8221;][\/vc_column][\/vc_row]<\/p>","protected":false},"excerpt":{"rendered":"<p>[vc_row enable_box_shadow=&#8221;no&#8221;][vc_column width=&#8221;1\/2&#8243;][vc_column_text] &nbsp; Where do I have to go? &nbsp; Name: Freiheitshalle Hof &nbsp; Address: Kulmbacher Str. 4 &nbsp; City: 95030 Hof &nbsp; &nbsp; &nbsp; &nbsp; [\/vc_column_text][\/vc_column][vc_column width=&#8221;1\/2&#8243;][vc_gmaps link=&#8221;#E-8_JTNDaWZyYW1lJTIwc3JjJTNEJTIyaHR0cHMlM0ElMkYlMkZ3d3cuZ29vZ2xlLmNvbSUyRm1hcHMlMkZlbWJlZCUzRnBiJTNEJTIxMW0xOCUyMTFtMTIlMjExbTMlMjExZDI1NDcuNDk5OTU3OTkwNDczNCUyMTJkMTEuOTAwOTg5NzE1NzI2NjcyJTIxM2Q1MC4zMTk5MjMwNzk0NTc1NiUyMTJtMyUyMTFmMCUyMTJmMCUyMTNmMCUyMTNtMiUyMTFpMTAyNCUyMTJpNzY4JTIxNGYxMy4xJTIxM20zJTIxMW0yJTIxMXMweDQ3YTExNzRkMGQ4NmYwMmIlMjUzQTB4N2MyNTViNzRkZjk1YjA2ZSUyMTJzRnJlaWhlaXRzaGFsbGUlMjUyMEhvZiUyMTVlMCUyMTNtMiUyMTFzZGUlMjEyc2RlJTIxNHYxNjcyMTU4MzI1OTk0JTIxNW0yJTIxMXNkZSUyMTJzZGUlMjIlMjB3aWR0aCUzRCUyMjYwMCUyMiUyMGhlaWdodCUzRCUyMjQ1MCUyMiUyMHN0eWxlJTNEJTIyYm9yZGVyJTNBMCUzQiUyMiUyMGFsbG93ZnVsbHNjcmVlbiUzRCUyMiUyMiUyMGxvYWRpbmclM0QlMjJsYXp5JTIyJTIwcmVmZXJyZXJwb2xpY3klM0QlMjJuby1yZWZlcnJlci13aGVuLWRvd25ncmFkZSUyMiUzRSUzQyUyRmlmcmFtZSUzRQ==&#8221;][\/vc_column][\/vc_row][vc_row enable_box_shadow=&#8221;no&#8221;][vc_column][vc_empty_space height=&#8221;96px&#8221;][\/vc_column][\/vc_row][vc_row enable_box_shadow=&#8221;no&#8221;][vc_column][\/vc_column][\/vc_row][vc_row enable_box_shadow=&#8221;no&#8221;][vc_column][vc_empty_space height=&#8221;96px&#8221;][\/vc_column][\/vc_row][vc_row enable_box_shadow=&#8221;no&#8221;][vc_column][vc_video link=&#8221;https:\/\/youtu.be\/4VqApd0Lg3Y?t=80&#8243; src=&#8221;&#8220;https:\/\/www.youtube.com\/embed\/4VqApd0Lg3Y?start=80&#8220;&#8221; width=&#8221;&#8220;560&#8220;&#8221; height=&#8221;&#8220;315&#8220;&#8221; [&hellip;]<\/p>\n","protected":false},"author":1,"featured_media":0,"parent":0,"menu_order":0,"comment_status":"closed","ping_status":"closed","template":"","meta":{"ngg_post_thumbnail":0,"footnotes":""},"class_list":["post-22","page","type-page","status-publish","hentry"],"_links":{"self":[{"href":"https:\/\/raccoonrumble.de\/index.php\/wp-json\/wp\/v2\/pages\/22","targetHints":{"allow":["GET"]}}],"collection":[{"href":"https:\/\/raccoonrumble.de\/index.php\/wp-json\/wp\/v2\/pages"}],"about":[{"href":"https:\/\/raccoonrumble.de\/index.php\/wp-json\/wp\/v2\/types\/page"}],"author":[{"embeddable":true,"href":"https:\/\/raccoonrumble.de\/index.php\/wp-json\/wp\/v2\/users\/1"}],"replies":[{"embeddable":true,"href":"https:\/\/raccoonrumble.de\/index.php\/wp-json\/wp\/v2\/comments?post=22"}],"version-history":[{"count":28,"href":"https:\/\/raccoonrumble.de\/index.php\/wp-json\/wp\/v2\/pages\/22\/revisions"}],"predecessor-version":[{"id":756,"href":"https:\/\/raccoonrumble.de\/index.php\/wp-json\/wp\/v2\/pages\/22\/revisions\/756"}],"wp:attachment":[{"href":"https:\/\/raccoonrumble.de\/index.php\/wp-json\/wp\/v2\/media?parent=22"}],"curies":[{"name":"wp","href":"https:\/\/api.w.org\/{rel}","templated":true}]}}